{"id":2,"date":"2006-09-05T09:43:20","date_gmt":"2006-09-05T16:43:20","guid":{"rendered":""},"modified":"2013-01-14T11:11:02","modified_gmt":"2013-01-14T17:11:02","slug":"about","status":"publish","type":"page","link":"https:\/\/seocharlie.com\/blog\/about\/","title":{"rendered":"Charlie"},"content":{"rendered":"<p>Hola, \u00bfQu\u00e9 tal?<\/p>\n<blockquote><p>En pocas palabras: No soy ni <em>gur\u00fa<\/em>, ni un \u00abexperto\u00bb en SEO. \u00a0Soy un tipo <em>normal<\/em>, pero\u00a0<strong>apasionado<\/strong> por el \u00abMundillo\u00bb de los buscadores electr\u00f3nicos \ud83d\ude42 Agradezco que pases por ac\u00e1 a saludar, y espero seguir escribiendo en este blog&#8230;<\/p><\/blockquote>\n<p><strong>En muchas palabras<\/strong><\/p>\n<p>Mi nombre es <strong>Carlos Chac\u00f3n<\/strong> (conocido tambi\u00e9n como SEO<em>Charlie<\/em>).<\/p>\n<p>Nac\u00ed en San Jos\u00e9 de <a href=\"http:\/\/es.wikipedia.org\/wiki\/Costa_Rica\" target=\"_blank\">Costa Rica<\/a> all\u00e1 por el a\u00f1o de 1976, y me dediqu\u00e9 a esto del \u00abIntern\u00e9\u00bb veinte a\u00f1os despu\u00e9s, cuando navegando en <a href=\"http:\/\/en.wikipedia.org\/wiki\/Netscape\" target=\"_blank\">Netscape<\/a> conoc\u00ed <a href=\"http:\/\/www.yahoo.com\" target=\"_blank\">Yahoo<\/a>! y descubr\u00ed que pod\u00eda crear mi cuenta de correo electr\u00f3nico gratis \ud83d\ude1b<\/p>\n<p>Soy graduado de Administraci\u00f3n de Negocios de la <a href=\"http:\/\/www.una.ac.cr\/\" target=\"_blank\">Universidad Nacional<\/a> , y obtuve una Licenciatura en <a href=\"http:\/\/www.ulacit.ac.cr\" target=\"_blank\">ULACIT<\/a> con \u00e9nfasis en Mercadeo\u00a0 (San Jos\u00e9, Costa Rica). As\u00ed tambi\u00e9n, conclu\u00ed el programa\u00a0<strong><a href=\"http:\/\/www.seocharlie.com\/blog\/hoy-inicio-mi-master-en-buscadores\" target=\"_self\">M\u00e1ster en Buscadores<\/a><\/strong> de la <a href=\"http:\/\/www.upf.edu\/\" target=\"_self\">Universidad Pompeu Fabra<\/a> (Barcelona, Espa\u00f1a) en su segunda edici\u00f3n 2008\/2009.<\/p>\n<blockquote><p>Decidido a trabajar para mis propios proyectos, en <strong>2003 <\/strong>emprend\u00ed una empresa de mercadeo Web en Costa Rica llamada <strong><a href=\"http:\/\/www.mercadeoenlinea.com\" target=\"_blank\">MEL<\/a>\u00a0(de \u00abMercadeo en L\u00ednea\u00bb)<\/strong>\u00a0donde actualmente dedico mi tiempo desarrollando proyectos Web personales as\u00ed como ofreciendo \u00ab<strong>Consultor\u00edas SEO\u00bb <\/strong>para empresas en particular.<\/p><\/blockquote>\n<p>Mi pasi\u00f3n por este <em>mundillo <\/em>me ha llevado a ser miembro activo del <a href=\"http:\/\/www.sempo.org\/es\/home\" target=\"_blank\"><strong>SEMPO<\/strong><\/a> o la \u00ab<em>Asociaci\u00f3n de Profesionales del Mercadeo en Buscadores<\/em>\u00bb (por sus siglas en Ingl\u00e9s \u201cSEMPO\u201d, Search Engine Marketing Professional Organization).<\/p>\n<p>Este Blog nace con el \u00fanico objetivo de compartir noticias, art\u00edculos, tips, t\u00e9cnicas y recomendaciones acerca de todo lo relacionado con el posicionamiento en buscadores SEO; basado en casos, proyectos personales, congresos o lecturas que habitualmente hago.<\/p>\n<p><strong>Ahora bien; \u00bfd\u00f3nde he aprendido esto?<\/strong><\/p>\n<p><strong>2003<\/strong><\/p>\n<p>Despu\u00e9s de un aprendizaje \u00ab<em>prueba-error<\/em>\u00bb de un par de a\u00f1os, decid\u00ed participar de charlas dedicadas al tema SEO (la primera all\u00e1 por el a\u00f1o 2003).<\/p>\n<blockquote><p><strong>SES <\/strong><em>(<\/em><a href=\"http:\/\/www.searchenginestrategies.com\/\" target=\"_blank\"><em>Search Engine Strategies<\/em><\/a><em>), <\/em>las cuales son enfocadas en el \u00e1rea del mercadeo, posicionamiento y optimizaci\u00f3n en buscadores electr\u00f3nicos.<\/p>\n<p>Las mismas, durante los a\u00f1os <strong>2003\/2004<\/strong> (San Jos\u00e9, California EEUU); <strong>2005<\/strong> (Toronto, Canad\u00e1); <strong>2006<\/strong> (<a href=\"http:\/\/www.seocharlie.com\/blog\/conferencia-search-engine-strategies-latino-2006\">SES Latino Miami<\/a>, Florida y San Jos\u00e9, California EEUU); <strong>2007<\/strong> (<a href=\"http:\/\/www.seocharlie.com\/blog\/latinoamerica-segun-gonzalo-alonso-de-google\">SESLatino,<\/a> Miami, Florida).<\/p>\n<p>Todas dirigidas por <a href=\"http:\/\/www.seocharlie.com\/blog\/regreso-danny-sullivan-al-ses\">Danny Sullivan<\/a> y Nacho Hern\u00e1ndez &#8211;<em>gur\u00fas <\/em>del mercadeo en l\u00ednea de renombre internacional. Si quiere mirar algunas fotos, <a href=\"http:\/\/www.flickr.com\/photos\/seocharlie\/collections\/72157600586562553\/\" target=\"_blank\">aqu\u00ed<\/a>.<\/p><\/blockquote>\n<p>Adicionalmente he tenido la oportunidad de <a href=\"http:\/\/www.flickr.com\/photos\/seocharlie\/collections\/72157600556510581\/\" target=\"_blank\">viajar<\/a> y participar en otras conferencias y congresos en Latino e Ibero Am\u00e9rica durante estos \u00faltimos a\u00f1os, tambi\u00e9n relacionados con el tema SEO\/SEM\/Web 2.0, etc.<\/p>\n<p><strong>2006<\/strong><\/p>\n<blockquote><p>Para inicios del a\u00f1o <strong>2006<\/strong> asist\u00ed al <a href=\"http:\/\/www.seocharlie.com\/blog\/congreso-ojobuscador-20\">Congreso OJOBuscador<\/a> 2.0 (Madrid, Espa\u00f1a), donde me he reunido con parte de la comunidad de webmasters y SEO\u2019s de habla hispana.<\/p><\/blockquote>\n<p><strong>2007<\/strong><\/p>\n<blockquote><p>Para finales de a\u00f1o particip\u00e9 del primer evento <a href=\"http:\/\/www.seocharlie.com\/blog\/smx-latinoamerica-buenos-aires-argentina-y-santiago-de-chile\">SMX<\/a> \u00abLatino\u00bb (Buenos Aires, Argentina -SMXBA07).<\/p><\/blockquote>\n<p><strong>2008<\/strong><\/p>\n<blockquote><p>En el <strong>2008<\/strong>, he participado activamente en el congreso <strong><a href=\"http:\/\/www.seocharlie.com\/blog\/resumen-de-las-ultimas-sesiones-exponet2008\">\u201cEXPONET\u201d<\/a><\/strong> (Guatemala), donde tuve la oportunidad de compartir un poco con hermanos vecinos sobre el tema del posicionamiento SEO y otros. Si quieres mirar otras fotos, <a href=\"http:\/\/www.flickr.com\/photos\/seocharlie\/collections\/72157603905763529\/\" target=\"_blank\">aqu\u00ed<\/a>.<\/p>\n<p>Por otro lado, estuve presente en el <a href=\"http:\/\/www.seocharlie.com\/blog\/impresiones-finales-y-resumen-de-charlas-smx-madrid-2008\" target=\"_self\">SMX Madrid<\/a> celebrado en IFEMA (Madrid, Espa\u00f1a).<\/p>\n<p>Para finales de a\u00f1o, <a href=\"http:\/\/www.seocharlie.com\/blog\/de-paso-por-mexico-web-20\" target=\"_self\">particip\u00e9<\/a> del primer evento Web \u00ab2.0\u00bb celebrado en Canc\u00fan, M\u00e9xico (Fotos <a href=\"http:\/\/www.flickr.com\/photos\/seocharlie\/sets\/72157608614872485\/\" target=\"_blank\">aqu\u00ed<\/a>).<\/p><\/blockquote>\n<p><strong>2009<\/strong><\/p>\n<blockquote><p>He sido ponente en <strong><a href=\"http:\/\/www.seocharlie.com\/blog\/resumen-de-algunas-conferencias-exponet-2009\" target=\"_self\">EXPONET<\/a><\/strong> celebrado en Guatemala (Fotos <a href=\"http:\/\/www.flickr.com\/photos\/seocharlie\/sets\/72157615511418247\/\" target=\"_blank\">aqu\u00ed<\/a>).<\/p><\/blockquote>\n<blockquote><p>Uno de los profesores para dictar el <strong><a href=\"http:\/\/www.seocharlie.com\/blog\/exito-en-curso-seo-upalermo\" target=\"_self\">Curso SEO<\/a><\/strong> celebrado en la Universidad de Palermo, Buenos Aires, Argentina (Fotos <a href=\"http:\/\/www.flickr.com\/photos\/seocharlie\/sets\/72157616902664442\/\" target=\"_blank\">aqu\u00ed<\/a>).<\/p>\n<p>Particip\u00e9 de las charlas <strong><a href=\"http:\/\/www.seocharlie.com\/blog\/para-el-smx-advanced\" target=\"_self\">SMX Advanced<\/a><\/strong> en Seattle, WA. (Fotos <a href=\"http:\/\/www.flickr.com\/photos\/seocharlie\/sets\/72157619085725865\/\" target=\"_blank\">aqu\u00ed<\/a>).<\/p><\/blockquote>\n<p><strong>2010<\/strong><\/p>\n<blockquote><p>Segundo a\u00f1o consecutivo en el <a href=\"http:\/\/www.seocharlie.com\/blog\/smx-advanced-seattle-2010\" target=\"_self\"><strong>SMX Advanced<\/strong><\/a> en Seattle, WA. (Fotos <a href=\"http:\/\/www.flickr.com\/photos\/seocharlie\/sets\/72157624113422175\/\" target=\"_blank\">aqu\u00ed<\/a>).<\/p>\n<p>Ponente en el <a href=\"http:\/\/www.seocharlie.com\/blog\/arranco-el-primer-congreso-seo-profesional\" target=\"_self\"><strong>Primer Congreso SEO Profesional<\/strong><\/a>, en Valencia-Espa\u00f1a (Fotos <a href=\"http:\/\/www.flickr.com\/photos\/seocharlie\/sets\/72157625590735440\/\" target=\"_blank\">aqu\u00ed<\/a>).<\/p><\/blockquote>\n<p><strong>2011<\/strong><\/p>\n<blockquote><p>Ponente en el <strong><a href=\"http:\/\/www.seocharlie.com\/blog\/se-viene-el-webconflatino-2011\">WebConfLatino<\/a><\/strong>, Panam\u00e1 (Fotos <a href=\"http:\/\/www.flickr.com\/photos\/seocharlie\/sets\/72157626641125100\/\" target=\"_blank\">aqu\u00ed<\/a>).<\/p>\n<p>Tercer a\u00f1o consecutivo en el <strong><a href=\"http:\/\/www.seocharlie.com\/blog\/todo-listo-para-el-smx-advanced-2011\">SMX Advanced<\/a><\/strong>, Seattle, WA (Fotos <a href=\"http:\/\/www.flickr.com\/photos\/seocharlie\/sets\/72157626977388202\/\" target=\"_blank\">aqu\u00ed<\/a>).<\/p>\n<p>Ponente en el Primer <strong><a href=\"http:\/\/www.seocharlie.com\/blog\/primer-mozcation-en-latinoamerica\">MozCation de Latinoam\u00e9rica<\/a><\/strong>, Lima-Per\u00fa (Fotos <a href=\"http:\/\/www.flickr.com\/photos\/seocharlie\/sets\/72157627665848249\/\" target=\"_blank\">ac\u00e1<\/a>).<\/p><\/blockquote>\n<p><strong>2012<\/strong><\/p>\n<blockquote><p>Participante por cuarto a\u00f1o consecutivo en el <strong><a href=\"http:\/\/www.seocharlie.com\/blog\/5-notas-rapidas-del-smx-advanced\">SMX Advanced<\/a><\/strong>, Seattle, WA (Fotos <a href=\"http:\/\/www.flickr.com\/photos\/seocharlie\/sets\/72157631617588626\/\" target=\"_blank\">aqu\u00ed<\/a>).<\/p>\n<p>Ponente en el Congreso <strong><a href=\"http:\/\/www.seocharlie.com\/blog\/new-marketing-2012-en-san-salvador \">New Marketing<\/a><\/strong>, San Salvador (Fotos <a href=\"http:\/\/www.flickr.com\/photos\/seocharlie\/sets\/72157632058538525\/\" target=\"_blank\">aqu\u00ed<\/a>).<\/p><\/blockquote>\n<p><strong>Tienes alguna pregunta \u00abSEO\u00bb <\/strong><strong>\u00bfPuedes participar de este Blog?<\/strong><\/p>\n<p><em>!Claro que s\u00ed!<\/em> Agradezco tus <a href=\"http:\/\/www.seocharlie.com\/blog\/contacto\/\">comentarios<\/a> y te motivo a que opines en este espacio \ud83d\ude42<\/p>\n<p>Abajo disfrutando con un grupo de colegas en Madrid (2008)&#8230;\u00a0 y <a href=\"http:\/\/www.flickr.com\/photos\/seocharlie\/collections\/\" target=\"_blank\">aqu\u00ed<\/a> m\u00e1s fotograf\u00edas de otros eventos!<\/p>\n<p style=\"text-align: center;\"><a href=\"http:\/\/flickr.com\/photos\/lakil\/2515956787\/\" target=\"_blank\"><img loading=\"lazy\" decoding=\"async\" class=\"size-full wp-image-818\" title=\"colegas-seo\" alt=\"Colegas SEO\" src=\"https:\/\/i0.wp.com\/www.seocharlie.com\/blog\/wp-content\/uploads\/2008\/07\/colegas-seo.jpg?resize=500%2C332\" width=\"500\" height=\"332\" srcset=\"https:\/\/i0.wp.com\/seocharlie.com\/blog\/wp-content\/uploads\/2008\/07\/colegas-seo.jpg?w=500&amp;ssl=1 500w, https:\/\/i0.wp.com\/seocharlie.com\/blog\/wp-content\/uploads\/2008\/07\/colegas-seo.jpg?resize=300%2C199&amp;ssl=1 300w\" sizes=\"auto, (max-width: 500px) 100vw, 500px\" data-recalc-dims=\"1\" \/><\/a><\/p>\n<p><strong>Saludos desde Costa Rica y PURA VIDA!<\/strong><\/p>\n<p><a title=\"Miembro Individual de SEMPO\" href=\"http:\/\/www.sempo.org\" target=\"_blank\"><img decoding=\"async\" id=\"image401\" alt=\"member-individual.jpg\" src=\"https:\/\/i0.wp.com\/www.seocharlie.com\/blog\/wp-content\/uploads\/2007\/04\/member-individual.jpg?w=800\" data-recalc-dims=\"1\" \/><br \/>\n<\/a><\/p>\n<p><a title=\"Me apego al C\u00f3digo de Etica SEO\" href=\"http:\/\/www.bruceclay.com\/web_ethics.htm\" target=\"_blank\"><img decoding=\"async\" id=\"image38\" alt=\"seoethics.gif\" src=\"https:\/\/i0.wp.com\/www.seocharlie.com\/blog\/wp-content\/uploads\/2006\/09\/seoethics.gif?w=800\" data-recalc-dims=\"1\" \/><\/a> <a title=\"Comentarios sobre mi participaci\u00f3n en SES Edici\u00f3n Latino 2006\" href=\"http:\/\/www.seocharlie.com\/blog\/conferencia-search-engine-strategies-latino-2006\"><img decoding=\"async\" id=\"image39\" alt=\"ses-latino-2006.gif\" src=\"https:\/\/i0.wp.com\/www.seocharlie.com\/blog\/wp-content\/uploads\/2006\/09\/ses-latino-2006.thumbnail.gif?w=800\" data-recalc-dims=\"1\" \/><\/a> <a title=\"Empresa de la cual soy el Presidente\" href=\"http:\/\/www.mercadeo-en-linea.com\"><img decoding=\"async\" id=\"image60\" alt=\"melprincipal_19.gif\" src=\"https:\/\/i0.wp.com\/www.seocharlie.com\/blog\/wp-content\/uploads\/2006\/09\/melprincipal_19.thumbnail.gif?w=800\" data-recalc-dims=\"1\" \/><\/a> <a title=\"Art\u00edculos Personales publicados en Maestros del Web\" href=\"http:\/\/www.maestrosdelweb.com\/autores\/carlos-chacon\/\" target=\"_blank\"><img decoding=\"async\" id=\"image185\" alt=\"logo_maestros_del_web.jpg\" src=\"https:\/\/i0.wp.com\/www.seocharlie.com\/blog\/wp-content\/uploads\/2006\/12\/logo_maestros_del_web.jpg?w=800\" data-recalc-dims=\"1\" \/><\/a> <a title=\"Resumen del Congreso OJOBuscador 2.0\" href=\"http:\/\/www.seocharlie.com\/blog\/congreso-ojobuscador-20\"><img decoding=\"async\" id=\"image271\" alt=\"boton-congreso-asisto2.png\" src=\"https:\/\/i0.wp.com\/www.seocharlie.com\/blog\/wp-content\/uploads\/2007\/01\/boton-congreso-asisto2.png?w=800\" data-recalc-dims=\"1\" \/><\/a> <a title=\"Segunda edici\u00f3n del SES Latino\" href=\"http:\/\/www.seocharlie.com\/blog\/latinoamerica-segun-gonzalo-alonso-de-google\"><img decoding=\"async\" id=\"image518\" alt=\"ses-latino07.gif\" src=\"https:\/\/i0.wp.com\/www.seocharlie.com\/blog\/wp-content\/uploads\/2007\/06\/ses-latino07.gif?w=800\" data-recalc-dims=\"1\" \/><\/a> <a href=\"http:\/\/www.seocharlie.com\/blog\/smx-latinoamerica-buenos-aires-argentina-y-santiago-de-chile\"><img decoding=\"async\" id=\"image635\" alt=\"logo-smx-buenos-aires.png\" src=\"https:\/\/i0.wp.com\/www.seocharlie.com\/blog\/wp-content\/uploads\/2007\/10\/logo-smx-buenos-aires.png?w=800\" data-recalc-dims=\"1\" \/><\/a> <a title=\"Colaborador para el SEMPOGLOBAL BLOG\" href=\"http:\/\/www.sempoglobalsearchblog.com\/bloggers:carlos-chacon\" target=\"_blank\"><img decoding=\"async\" id=\"image705\" alt=\"sempoblog.jpg\" src=\"https:\/\/i0.wp.com\/www.seocharlie.com\/blog\/wp-content\/uploads\/2008\/01\/sempoblog.jpg?w=800\" data-recalc-dims=\"1\" \/><\/a> <a title=\"Exponet2008 en Guatemala\" href=\"http:\/\/www.seocharlie.com\/blog\/resumen-de-las-ultimas-sesiones-exponet2008\" target=\"_blank\"><img decoding=\"async\" id=\"image742\" alt=\"logotipo-exponet2008.jpg\" src=\"https:\/\/i0.wp.com\/www.seocharlie.com\/blog\/wp-content\/uploads\/2008\/03\/logotipo-exponet2008.jpg?w=800\" data-recalc-dims=\"1\" \/><\/a> <a href=\"http:\/\/www.seocharlie.com\/blog\/impresiones-finales-y-resumen-de-charlas-smx-madrid-2008\" target=\"_self\"><img loading=\"lazy\" decoding=\"async\" class=\"alignnone size-full wp-image-786\" title=\"smx_madrid_2008\" alt=\"SMX Madrid 2008\" src=\"https:\/\/i0.wp.com\/www.seocharlie.com\/blog\/wp-content\/uploads\/2008\/05\/smx_madrid_2008.png?resize=200%2C89\" width=\"200\" height=\"89\" data-recalc-dims=\"1\" \/><\/a> <a href=\"http:\/\/www.seocharlie.com\/blog\/de-paso-por-mexico-web-20\" target=\"_self\"><img loading=\"lazy\" decoding=\"async\" alt=\"Mexico Web 2.0\" src=\"https:\/\/i0.wp.com\/www.seocharlie.com\/blog\/wp-content\/uploads\/2008\/10\/mexicoweb1.jpg?resize=414%2C86\" width=\"414\" height=\"86\" data-recalc-dims=\"1\" \/><\/a> <a href=\"http:\/\/www.seocharlie.com\/blog\/esta-semana-exponet-2009\" target=\"_self\"><img loading=\"lazy\" decoding=\"async\" class=\"aligncenter size-full wp-image-986\" title=\"Exponet 2009\" alt=\"Exponet 2009\" src=\"https:\/\/i0.wp.com\/www.seocharlie.com\/blog\/wp-content\/uploads\/2009\/02\/pres_exponet2009_468x60.jpg?resize=468%2C60\" width=\"468\" height=\"60\" srcset=\"https:\/\/i0.wp.com\/seocharlie.com\/blog\/wp-content\/uploads\/2009\/02\/pres_exponet2009_468x60.jpg?w=468&amp;ssl=1 468w, https:\/\/i0.wp.com\/seocharlie.com\/blog\/wp-content\/uploads\/2009\/02\/pres_exponet2009_468x60.jpg?resize=300%2C38&amp;ssl=1 300w\" sizes=\"auto, (max-width: 468px) 100vw, 468px\" data-recalc-dims=\"1\" \/><\/a> <a href=\"http:\/\/www.seocharlie.com\/blog\/primer-dia-del-smx-advanced-en-seattle\" target=\"_self\"><img loading=\"lazy\" decoding=\"async\" class=\"aligncenter size-full wp-image-1263\" title=\"smx-logo\" alt=\"smx-logo\" src=\"https:\/\/i0.wp.com\/www.seocharlie.com\/blog\/wp-content\/uploads\/2009\/05\/smx-logo.jpg?resize=188%2C115\" width=\"188\" height=\"115\" data-recalc-dims=\"1\" \/><\/a> <a href=\"http:\/\/www.seocharlie.com\/blog\/valencia-primer-congreso-seo-profesional\"><img loading=\"lazy\" decoding=\"async\" class=\"alignnone\" title=\"Congreso SEO Profesional, Valencia Espa\u00f1a\" alt=\"\" src=\"https:\/\/i0.wp.com\/www.seocharlie.com\/blog\/wp-content\/uploads\/2010\/08\/banner01congresoseo468x601.png?resize=468%2C60\" width=\"468\" height=\"60\" data-recalc-dims=\"1\" \/><\/a> <img loading=\"lazy\" decoding=\"async\" class=\"aligncenter size-full wp-image-2848\" title=\"WebConfLatino 2011 Panam\u00e1\" alt=\"\" src=\"https:\/\/i0.wp.com\/www.seocharlie.com\/blog\/wp-content\/uploads\/2011\/04\/webconflatino.jpg?resize=276%2C155\" width=\"276\" height=\"155\" data-recalc-dims=\"1\" \/><\/p>\n","protected":false},"excerpt":{"rendered":"<p>Hola, \u00bfQu\u00e9 tal? En pocas palabras: No soy ni gur\u00fa, ni un \u00abexperto\u00bb en SEO. \u00a0Soy un tipo normal, pero\u00a0apasionado por el \u00abMundillo\u00bb de los buscadores electr\u00f3nicos \ud83d\ude42 Agradezco que pases por ac\u00e1 a saludar, y espero seguir escribiendo en este blog&#8230; En muchas palabras Mi nombre es Carlos Chac\u00f3n (conocido tambi\u00e9n como SEOCharlie). Nac\u00ed [&hellip;]<\/p>\n","protected":false},"author":1,"featured_media":0,"parent":0,"menu_order":0,"comment_status":"closed","ping_status":"closed","template":"","meta":{"spay_email":"","footnotes":""},"class_list":["post-2","page","type-page","status-publish","hentry"],"jetpack_sharing_enabled":true,"jetpack_shortlink":"https:\/\/wp.me\/PgmtK-2","jetpack-related-posts":[{"id":3990,"url":"https:\/\/seocharlie.com\/blog\/charlie-seo-home\/","url_meta":{"origin":2,"position":0},"title":"Charlie Seo Home","date":"23 marzo, 2022","format":false,"excerpt":"En pocas palabras: No soy ni gur\u00fa, ni un \u00abexperto\u00bb en SEO. Soy un tipo normal, pero apasionado por el \u00abMundillo\u00bb de los buscadores electr\u00f3nicos. Agradezco que pases por ac\u00e1 a saludar.En muchas palabrasMi nombre es Carlos Chac\u00f3n (conocido tambi\u00e9n como SEOCharlie). Nac\u00ed en San Jos\u00e9 de Costa Rica all\u00e1\u2026","rel":"","context":"Entrada similar","img":{"alt_text":"","src":"","width":0,"height":0},"classes":[]},{"id":813,"url":"https:\/\/seocharlie.com\/blog\/suscripcion-rss\/","url_meta":{"origin":2,"position":1},"title":"Suscripci\u00f3n RSS","date":"22 agosto, 2008","format":false,"excerpt":"\u00bfPor qu\u00e9 usar RSS? La raz\u00f3n m\u00e1s simple para usar RSS es que te ahorrar\u00e1 tiempo. \u00bfC\u00f3mo suscribirme? Suscribirte a los contenidos de este blog es tan simple como apretar un bot\u00f3n, e incluso es posible filtrar los \"feeds\" seg\u00fan palabras clave para reducir el n\u00famero de resultados. Puedes hacerlo\u2026","rel":"","context":"En \u00abSEO\u00bb","img":{"alt_text":"","src":"https:\/\/i0.wp.com\/www.seocharlie.com\/blog\/wp-content\/uploads\/2008\/07\/rss.png?resize=350%2C200","width":350,"height":200},"classes":[]}],"_links":{"self":[{"href":"https:\/\/seocharlie.com\/blog\/wp-json\/wp\/v2\/pages\/2","targetHints":{"allow":["GET"]}}],"collection":[{"href":"https:\/\/seocharlie.com\/blog\/wp-json\/wp\/v2\/pages"}],"about":[{"href":"https:\/\/seocharlie.com\/blog\/wp-json\/wp\/v2\/types\/page"}],"author":[{"embeddable":true,"href":"https:\/\/seocharlie.com\/blog\/wp-json\/wp\/v2\/users\/1"}],"replies":[{"embeddable":true,"href":"https:\/\/seocharlie.com\/blog\/wp-json\/wp\/v2\/comments?post=2"}],"version-history":[{"count":30,"href":"https:\/\/seocharlie.com\/blog\/wp-json\/wp\/v2\/pages\/2\/revisions"}],"predecessor-version":[{"id":1171,"href":"https:\/\/seocharlie.com\/blog\/wp-json\/wp\/v2\/pages\/2\/revisions\/1171"}],"wp:attachment":[{"href":"https:\/\/seocharlie.com\/blog\/wp-json\/wp\/v2\/media?parent=2"}],"curies":[{"name":"wp","href":"https:\/\/api.w.org\/{rel}","templated":true}]}}